{"id":887,"date":"2025-07-02T03:00:40","date_gmt":"2025-07-02T01:00:40","guid":{"rendered":"https:\/\/clubminibcn.com\/?page_id=887"},"modified":"2025-07-02T03:53:52","modified_gmt":"2025-07-02T01:53:52","slug":"%f0%9f%8f%81-mini-cooper-r56-2006-2013-resena-tecnica-y-de-diseno","status":"publish","type":"page","link":"https:\/\/clubminibcn.com\/?page_id=887","title":{"rendered":"\ud83c\udfc1 Mini Cooper R56 (2006\u20132013) \u2013 Rese\u00f1a T\u00e9cnica y de Dise\u00f1o"},"content":{"rendered":"\t\t<div data-elementor-type=\"wp-page\" data-elementor-id=\"887\" class=\"elementor elementor-887\" data-elementor-post-type=\"page\">\n\t\t\t\t<div class=\"elementor-element elementor-element-e43d0ff e-flex e-con-boxed e-con e-parent\" data-id=\"e43d0ff\" data-element_type=\"container\">\n\t\t\t\t\t<div class=\"e-con-inner\">\n\t\t<div class=\"elementor-element elementor-element-bb6fbbe e-con-full e-flex e-con e-child\" data-id=\"bb6fbbe\" data-element_type=\"container\">\n\t\t\t\t<div class=\"elementor-element elementor-element-0b71e4a elementor-widget elementor-widget-image\" data-id=\"0b71e4a\" data-element_type=\"widget\" data-widget_type=\"image.default\">\n\t\t\t\t<div class=\"elementor-widget-container\">\n\t\t\t\t\t\t\t\t\t\t\t\t\t\t\t<img fetchpriority=\"high\" decoding=\"async\" width=\"506\" height=\"1024\" src=\"https:\/\/clubminibcn.com\/wp-content\/uploads\/2025\/07\/23c54c_f4d88f42bedf40e6af171ebda433ac6dmv2-506x1024.avif\" class=\"attachment-large size-large wp-image-897\" alt=\"\" srcset=\"https:\/\/clubminibcn.com\/wp-content\/uploads\/2025\/07\/23c54c_f4d88f42bedf40e6af171ebda433ac6dmv2-506x1024.avif 506w, https:\/\/clubminibcn.com\/wp-content\/uploads\/2025\/07\/23c54c_f4d88f42bedf40e6af171ebda433ac6dmv2-148x300.avif 148w, https:\/\/clubminibcn.com\/wp-content\/uploads\/2025\/07\/23c54c_f4d88f42bedf40e6af171ebda433ac6dmv2.avif 640w\" sizes=\"(max-width: 506px) 100vw, 506px\" \/>\t\t\t\t\t\t\t\t\t\t\t\t\t\t\t<\/div>\n\t\t\t\t<\/div>\n\t\t\t\t<\/div>\n\t\t<div class=\"elementor-element elementor-element-8ae7ce7 e-con-full e-flex e-con e-child\" data-id=\"8ae7ce7\" data-element_type=\"container\">\n\t\t\t\t<div class=\"elementor-element elementor-element-fda828f elementor-widget elementor-widget-text-editor\" data-id=\"fda828f\" data-element_type=\"widget\" data-widget_type=\"text-editor.default\">\n\t\t\t\t<div class=\"elementor-widget-container\">\n\t\t\t\t\t\t\t\t\t<h2>\ud83d\udcd0 Dise\u00f1o y Evoluci\u00f3n<\/h2><div>\u2022Dise\u00f1ador principal: Marcus Syring (BMW Group Design)<\/div><div>\u2022Debut oficial: Sal\u00f3n de Par\u00eds, 2006<\/div><div>\u2022Producci\u00f3n: 2006\u20132013 (Mini Hatch 3p)<\/div><div>\u00a0<\/div><h2>\ud83e\udde0 Evoluci\u00f3n est\u00e9tica:<\/h2><div>\u2022Aunque conserva la est\u00e9tica retro, el R56 representa una evoluci\u00f3n m\u00e1s refinada y aerodin\u00e1mica respecto al R53.<\/div><div>\u2022Cambios clave:<\/div><div>\u2022Faros m\u00e1s grandes y fijos al cap\u00f3 (antes iban montados sobre la carrocer\u00eda).<\/div><div>\u2022L\u00ednea lateral suavizada y detalles cromados m\u00e1s prominentes.<\/div><div>\u2022Mejora en los ajustes de carrocer\u00eda y calidad percibida.<\/div><div>\u2022Incremento leve de dimensiones: m\u00e1s largo, m\u00e1s ancho y m\u00e1s alto (mejor habitabilidad y normas de seguridad).<\/div>\t\t\t\t\t\t\t\t<\/div>\n\t\t\t\t<\/div>\n\t\t\t\t<\/div>\n\t\t\t\t\t<\/div>\n\t\t\t\t<\/div>\n\t\t<div class=\"elementor-element elementor-element-ac8e2cf e-flex e-con-boxed e-con e-parent\" data-id=\"ac8e2cf\" data-element_type=\"container\">\n\t\t\t\t\t<div class=\"e-con-inner\">\n\t\t\t\t<div class=\"elementor-element elementor-element-7af263f elementor-widget elementor-widget-spacer\" data-id=\"7af263f\" data-element_type=\"widget\" data-widget_type=\"spacer.default\">\n\t\t\t\t<div class=\"elementor-widget-container\">\n\t\t\t\t\t\t\t<div class=\"elementor-spacer\">\n\t\t\t<div class=\"elementor-spacer-inner\"><\/div>\n\t\t<\/div>\n\t\t\t\t\t\t<\/div>\n\t\t\t\t<\/div>\n\t\t\t\t\t<\/div>\n\t\t\t\t<\/div>\n\t\t<div class=\"elementor-element elementor-element-2eb5856 e-flex e-con-boxed e-con e-parent\" data-id=\"2eb5856\" data-element_type=\"container\">\n\t\t\t\t\t<div class=\"e-con-inner\">\n\t\t<div class=\"elementor-element elementor-element-c74ef81 e-con-full e-flex e-con e-child\" data-id=\"c74ef81\" data-element_type=\"container\">\n\t\t\t\t<div class=\"elementor-element elementor-element-af9e0a8 elementor-widget elementor-widget-text-editor\" data-id=\"af9e0a8\" data-element_type=\"widget\" data-widget_type=\"text-editor.default\">\n\t\t\t\t<div class=\"elementor-widget-container\">\n\t\t\t\t\t\t\t\t\t<h2>\ud83c\udfce Prestaciones y Comportamiento Din\u00e1mico<\/h2><div>\u2022El R56 gan\u00f3 en refinamiento general, reducci\u00f3n de ruidos y mejor calidad de rodadura.<\/div><div>\u2022Aunque perdi\u00f3 un poco del car\u00e1cter \u201ccrudo\u201d y directo del R53, conserv\u00f3 el \u201cgo-kart feeling\u201d gracias a su chasis firme y direcci\u00f3n precisa.<\/div><div>\u2022Muy \u00e1gil en curvas, especialmente con el sistema de control din\u00e1mico de estabilidad (DSC) y el Electronic Differential Lock Control (EDLC).<\/div><div>\u2022Mejores frenos, menor consumo, pero una entrega de potencia m\u00e1s lineal y menos visceral que el compresor del R53.<\/div><div>\u00a0<\/div>\t\t\t\t\t\t\t\t<\/div>\n\t\t\t\t<\/div>\n\t\t\t\t<\/div>\n\t\t<div class=\"elementor-element elementor-element-87c729d e-con-full e-flex e-con e-child\" data-id=\"87c729d\" data-element_type=\"container\">\n\t\t\t\t<div class=\"elementor-element elementor-element-f4b0a9b elementor-widget elementor-widget-image\" data-id=\"f4b0a9b\" data-element_type=\"widget\" data-widget_type=\"image.default\">\n\t\t\t\t<div class=\"elementor-widget-container\">\n\t\t\t\t\t\t\t\t\t\t\t\t\t\t\t<img decoding=\"async\" width=\"1024\" height=\"576\" src=\"https:\/\/clubminibcn.com\/wp-content\/uploads\/2025\/07\/mini-cooper-r56-2006-2-1024x576.jpg\" class=\"attachment-large size-large wp-image-899\" alt=\"\" srcset=\"https:\/\/clubminibcn.com\/wp-content\/uploads\/2025\/07\/mini-cooper-r56-2006-2-1024x576.jpg 1024w, https:\/\/clubminibcn.com\/wp-content\/uploads\/2025\/07\/mini-cooper-r56-2006-2-300x169.jpg 300w, https:\/\/clubminibcn.com\/wp-content\/uploads\/2025\/07\/mini-cooper-r56-2006-2-768x432.jpg 768w, https:\/\/clubminibcn.com\/wp-content\/uploads\/2025\/07\/mini-cooper-r56-2006-2-1536x864.jpg 1536w, https:\/\/clubminibcn.com\/wp-content\/uploads\/2025\/07\/mini-cooper-r56-2006-2.jpg 1920w\" sizes=\"(max-width: 1024px) 100vw, 1024px\" \/>\t\t\t\t\t\t\t\t\t\t\t\t\t\t\t<\/div>\n\t\t\t\t<\/div>\n\t\t\t\t<\/div>\n\t\t\t\t\t<\/div>\n\t\t\t\t<\/div>\n\t\t<div class=\"elementor-element elementor-element-637a64b e-flex e-con-boxed e-con e-parent\" data-id=\"637a64b\" data-element_type=\"container\">\n\t\t\t\t\t<div class=\"e-con-inner\">\n\t\t\t\t<div class=\"elementor-element elementor-element-c99aa8c elementor-widget elementor-widget-heading\" data-id=\"c99aa8c\" data-element_type=\"widget\" data-widget_type=\"heading.default\">\n\t\t\t\t<div class=\"elementor-widget-container\">\n\t\t\t\t\t<h2 class=\"elementor-heading-title elementor-size-default\">\u2699 Especificaciones T\u00e9cnicas del R56 (Cooper S)\n\n<\/h2>\t\t\t\t<\/div>\n\t\t\t\t<\/div>\n\t\t\t\t\t<\/div>\n\t\t\t\t<\/div>\n\t\t<div class=\"elementor-element elementor-element-7b5ef2b e-flex e-con-boxed e-con e-parent\" data-id=\"7b5ef2b\" data-element_type=\"container\">\n\t\t\t\t\t<div class=\"e-con-inner\">\n\t\t\t\t<div class=\"elementor-element elementor-element-57818d8 elementor-widget elementor-widget-html\" data-id=\"57818d8\" data-element_type=\"widget\" data-widget_type=\"html.default\">\n\t\t\t\t<div class=\"elementor-widget-container\">\n\t\t\t\t\t<table border=\"1\" cellpadding=\"10\" cellspacing=\"0\">\r\n  <thead>\r\n    <tr>\r\n      <th>Especificaci\u00f3n<\/th>\r\n      <th>Detalle<\/th>\r\n    <\/tr>\r\n  <\/thead>\r\n  <tbody>\r\n    <tr>\r\n      <td>Motor<\/td>\r\n      <td>1.6L 4 cilindros en l\u00ednea turboalimentado (Prince N14\/N18)<\/td>\r\n    <\/tr>\r\n    <tr>\r\n      <td>Potencia<\/td>\r\n      <td>175 hp (N14, hasta 2010) \/ 181 hp (N18, desde 2011)<\/td>\r\n    <\/tr>\r\n    <tr>\r\n      <td>Par motor<\/td>\r\n      <td>240 Nm con overboost hasta 260 Nm<\/td>\r\n    <\/tr>\r\n    <tr>\r\n      <td>Inducci\u00f3n<\/td>\r\n      <td>Turbo Twin-Scroll (no m\u00e1s compresor como en el R53)<\/td>\r\n    <\/tr>\r\n    <tr>\r\n      <td>Caja de cambios<\/td>\r\n      <td>Manual de 6 marchas (Getrag) \/ Autom\u00e1tica opcional<\/td>\r\n    <\/tr>\r\n    <tr>\r\n      <td>Tracci\u00f3n<\/td>\r\n      <td>Delantera (FWD)<\/td>\r\n    <\/tr>\r\n    <tr>\r\n      <td>Peso en vac\u00edo<\/td>\r\n      <td>~1.240 kg<\/td>\r\n    <\/tr>\r\n    <tr>\r\n      <td>0\u2013100 km\/h<\/td>\r\n      <td>~7,0 seg<\/td>\r\n    <\/tr>\r\n    <tr>\r\n      <td>Velocidad m\u00e1xima<\/td>\r\n      <td>~225 km\/h<\/td>\r\n    <\/tr>\r\n  <\/tbody>\r\n<\/table>\r\n\t\t\t\t<\/div>\n\t\t\t\t<\/div>\n\t\t\t\t\t<\/div>\n\t\t\t\t<\/div>\n\t\t<div class=\"elementor-element elementor-element-a5052cd e-flex e-con-boxed e-con e-parent\" data-id=\"a5052cd\" data-element_type=\"container\">\n\t\t\t\t\t<div class=\"e-con-inner\">\n\t\t\t\t<div class=\"elementor-element elementor-element-0bcad66 elementor-widget elementor-widget-text-editor\" data-id=\"0bcad66\" data-element_type=\"widget\" data-widget_type=\"text-editor.default\">\n\t\t\t\t<div class=\"elementor-widget-container\">\n\t\t\t\t\t\t\t\t\t<div>\ud83d\udd27 Notas t\u00e9cnicas destacadas:<\/div><div>\u2022El nuevo motor \u201cPrince\u201d, desarrollado entre BMW y PSA Peugeot-Citro\u00ebn, sustituy\u00f3 al Tritec del R53.<\/div><div>\u2022Mejora en consumo, emisiones y respuesta gracias al turbo Twin-Scroll y distribuci\u00f3n variable Valvetronic (en N18).<\/div><div>\u2022Introducci\u00f3n del sistema Start\/Stop, regeneraci\u00f3n de energ\u00eda de frenado y mejoras en eficiencia energ\u00e9tica.<\/div><div>\u2022Direcci\u00f3n asistida el\u00e9ctricamente (m\u00e1s ligera que la electrohidr\u00e1ulica del R53).<\/div><div>\u2022Chasis con evoluci\u00f3n del esquema anterior: suspensi\u00f3n delantera McPherson, trasera multibrazo.<\/div>\t\t\t\t\t\t\t\t<\/div>\n\t\t\t\t<\/div>\n\t\t\t\t\t<\/div>\n\t\t\t\t<\/div>\n\t\t<div class=\"elementor-element elementor-element-d1a75e3 e-flex e-con-boxed e-con e-parent\" data-id=\"d1a75e3\" data-element_type=\"container\">\n\t\t\t\t\t<div class=\"e-con-inner\">\n\t\t\t\t<div class=\"elementor-element elementor-element-0d71103 elementor-widget elementor-widget-spacer\" data-id=\"0d71103\" data-element_type=\"widget\" data-widget_type=\"spacer.default\">\n\t\t\t\t<div class=\"elementor-widget-container\">\n\t\t\t\t\t\t\t<div class=\"elementor-spacer\">\n\t\t\t<div class=\"elementor-spacer-inner\"><\/div>\n\t\t<\/div>\n\t\t\t\t\t\t<\/div>\n\t\t\t\t<\/div>\n\t\t\t\t\t<\/div>\n\t\t\t\t<\/div>\n\t\t<div class=\"elementor-element elementor-element-ed14a57 e-flex e-con-boxed e-con e-parent\" data-id=\"ed14a57\" data-element_type=\"container\">\n\t\t\t\t\t<div class=\"e-con-inner\">\n\t\t<div class=\"elementor-element elementor-element-f0c23b8 e-con-full e-flex e-con e-child\" data-id=\"f0c23b8\" data-element_type=\"container\">\n\t\t\t\t<div class=\"elementor-element elementor-element-497a1bc elementor-widget elementor-widget-image\" data-id=\"497a1bc\" data-element_type=\"widget\" data-widget_type=\"image.default\">\n\t\t\t\t<div class=\"elementor-widget-container\">\n\t\t\t\t\t\t\t\t\t\t\t\t\t\t\t<img decoding=\"async\" width=\"1024\" height=\"683\" src=\"https:\/\/clubminibcn.com\/wp-content\/uploads\/2025\/07\/r56.webp\" class=\"attachment-large size-large wp-image-901\" alt=\"\" srcset=\"https:\/\/clubminibcn.com\/wp-content\/uploads\/2025\/07\/r56.webp 1024w, https:\/\/clubminibcn.com\/wp-content\/uploads\/2025\/07\/r56-300x200.webp 300w, https:\/\/clubminibcn.com\/wp-content\/uploads\/2025\/07\/r56-768x512.webp 768w\" sizes=\"(max-width: 1024px) 100vw, 1024px\" \/>\t\t\t\t\t\t\t\t\t\t\t\t\t\t\t<\/div>\n\t\t\t\t<\/div>\n\t\t\t\t<\/div>\n\t\t<div class=\"elementor-element elementor-element-0f349d6 e-con-full e-flex e-con e-child\" data-id=\"0f349d6\" data-element_type=\"container\">\n\t\t\t\t<div class=\"elementor-element elementor-element-7c12667 elementor-widget elementor-widget-text-editor\" data-id=\"7c12667\" data-element_type=\"widget\" data-widget_type=\"text-editor.default\">\n\t\t\t\t<div class=\"elementor-widget-container\">\n\t\t\t\t\t\t\t\t\t<h2>\ud83c\udfa8 Interior y Equipamiento<\/h2><div>\u2022Interior m\u00e1s moderno y ergon\u00f3mico:<\/div><div>\u2022Conserva el veloc\u00edmetro central gigante, pero con mejoras en funcionalidad.<\/div><div>\u2022Mejor calidad de materiales y reducci\u00f3n de ruidos.<\/div><div>\u2022Sistema de infoentretenimiento iDrive simplificado, integraci\u00f3n con iPod, Bluetooth, navegaci\u00f3n y control por joystick.<\/div><div>\u2022Versiones y personalizaci\u00f3n m\u00e1s amplias:<\/div><div>\u2022Mini Yours, JCW, paquetes deportivos, techos a contraste, m\u00faltiples llantas, vinilos, iluminaci\u00f3n ambiental configurable, etc.<\/div><div>\u00a0<\/div>\t\t\t\t\t\t\t\t<\/div>\n\t\t\t\t<\/div>\n\t\t\t\t<\/div>\n\t\t\t\t\t<\/div>\n\t\t\t\t<\/div>\n\t\t<div class=\"elementor-element elementor-element-515ced8 e-flex e-con-boxed e-con e-parent\" data-id=\"515ced8\" data-element_type=\"container\">\n\t\t\t\t\t<div class=\"e-con-inner\">\n\t\t<div class=\"elementor-element elementor-element-c1ab52f e-con-full e-flex e-con e-child\" data-id=\"c1ab52f\" data-element_type=\"container\">\n\t\t\t\t<div class=\"elementor-element elementor-element-805f73d elementor-widget elementor-widget-text-editor\" data-id=\"805f73d\" data-element_type=\"widget\" data-widget_type=\"text-editor.default\">\n\t\t\t\t<div class=\"elementor-widget-container\">\n\t\t\t\t\t\t\t\t\t<h2>\ud83e\uddea Comparaci\u00f3n R56 vs R53<\/h2>\t\t\t\t\t\t\t\t<\/div>\n\t\t\t\t<\/div>\n\t\t\t\t<div class=\"elementor-element elementor-element-2510030 elementor-widget elementor-widget-html\" data-id=\"2510030\" data-element_type=\"widget\" data-widget_type=\"html.default\">\n\t\t\t\t<div class=\"elementor-widget-container\">\n\t\t\t\t\t<table border=\"1\" cellpadding=\"10\" cellspacing=\"0\">\r\n  <thead>\r\n    <tr>\r\n      <th>Caracter\u00edstica<\/th>\r\n      <th>R53 (2002\u201306)<\/th>\r\n      <th>R56 (2006\u201313)<\/th>\r\n    <\/tr>\r\n  <\/thead>\r\n  <tbody>\r\n    <tr>\r\n      <td>Motor<\/td>\r\n      <td>1.6L Compresor Tritec<\/td>\r\n      <td>1.6L Turbo Twin-Scroll Prince<\/td>\r\n    <\/tr>\r\n    <tr>\r\n      <td>Potencia<\/td>\r\n      <td>163\u2013210 hp (JCW)<\/td>\r\n      <td>175\u2013211 hp (JCW)<\/td>\r\n    <\/tr>\r\n    <tr>\r\n      <td>Comportamiento<\/td>\r\n      <td>M\u00e1s rudo y directo<\/td>\r\n      <td>M\u00e1s refinado y progresivo<\/td>\r\n    <\/tr>\r\n    <tr>\r\n      <td>Direcci\u00f3n<\/td>\r\n      <td>Electrohidr\u00e1ulica<\/td>\r\n      <td>El\u00e9ctrica<\/td>\r\n    <\/tr>\r\n    <tr>\r\n      <td>Consumo<\/td>\r\n      <td>M\u00e1s alto<\/td>\r\n      <td>M\u00e1s eficiente<\/td>\r\n    <\/tr>\r\n    <tr>\r\n      <td>Sonido<\/td>\r\n      <td>Mec\u00e1nico, crudo<\/td>\r\n      <td>M\u00e1s aislado, menos visceral<\/td>\r\n    <\/tr>\r\n    <tr>\r\n      <td>Mantenimiento<\/td>\r\n      <td>M\u00e1s simple<\/td>\r\n      <td>M\u00e1s electr\u00f3nico y complejo<\/td>\r\n    <\/tr>\r\n    <tr>\r\n      <td>Sensaciones<\/td>\r\n      <td>\u201cOld school hot hatch\u201d<\/td>\r\n      <td>\u201cModern premium hatch\u201d<\/td>\r\n    <\/tr>\r\n  <\/tbody>\r\n<\/table>\r\n\t\t\t\t<\/div>\n\t\t\t\t<\/div>\n\t\t\t\t<\/div>\n\t\t<div class=\"elementor-element elementor-element-785b050 e-con-full e-flex e-con e-child\" data-id=\"785b050\" data-element_type=\"container\">\n\t\t\t\t<div class=\"elementor-element elementor-element-2bfafcd elementor-widget elementor-widget-image\" data-id=\"2bfafcd\" data-element_type=\"widget\" data-widget_type=\"image.default\">\n\t\t\t\t<div class=\"elementor-widget-container\">\n\t\t\t\t\t\t\t\t\t\t\t\t\t\t\t<img loading=\"lazy\" decoding=\"async\" width=\"720\" height=\"960\" src=\"https:\/\/clubminibcn.com\/wp-content\/uploads\/2025\/07\/8d4cec490838dc1719157bdd38813c54.jpg\" class=\"attachment-large size-large wp-image-925\" alt=\"\" srcset=\"https:\/\/clubminibcn.com\/wp-content\/uploads\/2025\/07\/8d4cec490838dc1719157bdd38813c54.jpg 720w, https:\/\/clubminibcn.com\/wp-content\/uploads\/2025\/07\/8d4cec490838dc1719157bdd38813c54-225x300.jpg 225w\" sizes=\"(max-width: 720px) 100vw, 720px\" \/>\t\t\t\t\t\t\t\t\t\t\t\t\t\t\t<\/div>\n\t\t\t\t<\/div>\n\t\t\t\t<\/div>\n\t\t\t\t\t<\/div>\n\t\t\t\t<\/div>\n\t\t<div class=\"elementor-element elementor-element-b430216 e-flex e-con-boxed e-con e-parent\" data-id=\"b430216\" data-element_type=\"container\">\n\t\t\t\t\t<div class=\"e-con-inner\">\n\t\t\t\t<div class=\"elementor-element elementor-element-92b7461 elementor-widget elementor-widget-heading\" data-id=\"92b7461\" data-element_type=\"widget\" data-widget_type=\"heading.default\">\n\t\t\t\t<div class=\"elementor-widget-container\">\n\t\t\t\t\t<h2 class=\"elementor-heading-title elementor-size-default\">\ud83d\udcca Resumen t\u00e9cnico destacado\n<\/h2>\t\t\t\t<\/div>\n\t\t\t\t<\/div>\n\t\t\t\t\t<\/div>\n\t\t\t\t<\/div>\n\t\t<div class=\"elementor-element elementor-element-99b6ece e-flex e-con-boxed e-con e-parent\" data-id=\"99b6ece\" data-element_type=\"container\">\n\t\t\t\t\t<div class=\"e-con-inner\">\n\t\t\t\t<div class=\"elementor-element elementor-element-37d197a elementor-widget elementor-widget-html\" data-id=\"37d197a\" data-element_type=\"widget\" data-widget_type=\"html.default\">\n\t\t\t\t<div class=\"elementor-widget-container\">\n\t\t\t\t\t<table border=\"1\" cellpadding=\"10\" cellspacing=\"0\">\r\n  <thead>\r\n    <tr>\r\n      <th>Caracter\u00edstica<\/th>\r\n      <th>Valor<\/th>\r\n    <\/tr>\r\n  <\/thead>\r\n  <tbody>\r\n    <tr>\r\n      <td>Motor<\/td>\r\n      <td>1.6L Turbo Twin-Scroll (N14\/N18)<\/td>\r\n    <\/tr>\r\n    <tr>\r\n      <td>Potencia<\/td>\r\n      <td>175\u2013181 hp (hasta 211 hp en JCW)<\/td>\r\n    <\/tr>\r\n    <tr>\r\n      <td>Transmisi\u00f3n<\/td>\r\n      <td>Manual \/ Autom\u00e1tica 6 vel.<\/td>\r\n    <\/tr>\r\n    <tr>\r\n      <td>0\u2013100 km\/h<\/td>\r\n      <td>~7,0 seg<\/td>\r\n    <\/tr>\r\n    <tr>\r\n      <td>Peso<\/td>\r\n      <td>~1.240 kg<\/td>\r\n    <\/tr>\r\n    <tr>\r\n      <td>Producci\u00f3n<\/td>\r\n      <td>2006\u20132013<\/td>\r\n    <\/tr>\r\n    <tr>\r\n      <td>Plataforma<\/td>\r\n      <td>BMW R56<\/td>\r\n    <\/tr>\r\n    <tr>\r\n      <td>Dise\u00f1ador<\/td>\r\n      <td>Marcus Syring<\/td>\r\n    <\/tr>\r\n  <\/tbody>\r\n<\/table>\t\t\t\t<\/div>\n\t\t\t\t<\/div>\n\t\t\t\t\t<\/div>\n\t\t\t\t<\/div>\n\t\t<div class=\"elementor-element elementor-element-01308ae e-flex e-con-boxed e-con e-parent\" data-id=\"01308ae\" data-element_type=\"container\">\n\t\t\t\t\t<div class=\"e-con-inner\">\n\t\t<div class=\"elementor-element elementor-element-44785ba e-con-full e-flex e-con e-child\" data-id=\"44785ba\" data-element_type=\"container\">\n\t\t\t\t<div class=\"elementor-element elementor-element-5a93d71 elementor-widget elementor-widget-text-editor\" data-id=\"5a93d71\" data-element_type=\"widget\" data-widget_type=\"text-editor.default\">\n\t\t\t\t<div class=\"elementor-widget-container\">\n\t\t\t\t\t\t\t\t\t<h2>\ud83e\uddfe Valoraci\u00f3n final<\/h2><div>\u2022El R56 fue clave para consolidar a Mini como marca premium, con un dise\u00f1o m\u00e1s adulto y mejor calidad general.<\/div><div>\u2022Para muchos entusiastas, el R56 es el punto medio ideal entre el car\u00e1cter mec\u00e1nico del R53 y la digitalizaci\u00f3n del F56.<\/div><div>\u2022Su motor turbo es f\u00e1cilmente potenciable, y a\u00fan hoy es muy utilizado en track days, rallies y preparaciones JCW.<\/div>\t\t\t\t\t\t\t\t<\/div>\n\t\t\t\t<\/div>\n\t\t\t\t<\/div>\n\t\t\t\t\t<\/div>\n\t\t\t\t<\/div>\n\t\t\t\t<\/div>\n\t\t","protected":false},"excerpt":{"rendered":"<p>\ud83d\udcd0 Dise\u00f1o y Evoluci\u00f3n \u2022Dise\u00f1ador principal: Marcus Syring (BMW Group Design)\u2022Debut oficial: Sal\u00f3n de Par\u00eds, [&hellip;]<\/p>\n","protected":false},"author":1,"featured_media":0,"parent":0,"menu_order":0,"comment_status":"closed","ping_status":"closed","template":"","meta":{"footnotes":""},"class_list":["post-887","page","type-page","status-publish","hentry"],"_links":{"self":[{"href":"https:\/\/clubminibcn.com\/index.php?rest_route=\/wp\/v2\/pages\/887","targetHints":{"allow":["GET"]}}],"collection":[{"href":"https:\/\/clubminibcn.com\/index.php?rest_route=\/wp\/v2\/pages"}],"about":[{"href":"https:\/\/clubminibcn.com\/index.php?rest_route=\/wp\/v2\/types\/page"}],"author":[{"embeddable":true,"href":"https:\/\/clubminibcn.com\/index.php?rest_route=\/wp\/v2\/users\/1"}],"replies":[{"embeddable":true,"href":"https:\/\/clubminibcn.com\/index.php?rest_route=%2Fwp%2Fv2%2Fcomments&post=887"}],"version-history":[{"count":16,"href":"https:\/\/clubminibcn.com\/index.php?rest_route=\/wp\/v2\/pages\/887\/revisions"}],"predecessor-version":[{"id":928,"href":"https:\/\/clubminibcn.com\/index.php?rest_route=\/wp\/v2\/pages\/887\/revisions\/928"}],"wp:attachment":[{"href":"https:\/\/clubminibcn.com\/index.php?rest_route=%2Fwp%2Fv2%2Fmedia&parent=887"}],"curies":[{"name":"wp","href":"https:\/\/api.w.org\/{rel}","templated":true}]}}